{"id":335,"date":"2025-04-17T19:37:16","date_gmt":"2025-04-17T17:37:16","guid":{"rendered":"https:\/\/tierhilfe-antalya.de\/?page_id=335"},"modified":"2025-10-06T14:52:25","modified_gmt":"2025-10-06T12:52:25","slug":"projekte","status":"publish","type":"page","link":"https:\/\/tierhilfe-antalya.de\/?page_id=335","title":{"rendered":"Projekte"},"content":{"rendered":"\t\t<div data-elementor-type=\"wp-page\" data-elementor-id=\"335\" class=\"elementor elementor-335\" data-elementor-settings=\"{&quot;element_pack_global_tooltip_width&quot;:{&quot;unit&quot;:&quot;px&quot;,&quot;size&quot;:&quot;&quot;,&quot;sizes&quot;:[]},&quot;element_pack_global_tooltip_width_tablet&quot;:{&quot;unit&quot;:&quot;px&quot;,&quot;size&quot;:&quot;&quot;,&quot;sizes&quot;:[]},&quot;element_pack_global_tooltip_width_mobile&quot;:{&quot;unit&quot;:&quot;px&quot;,&quot;size&quot;:&quot;&quot;,&quot;sizes&quot;:[]},&quot;element_pack_global_tooltip_padding&quot;:{&quot;unit&quot;:&quot;px&quot;,&quot;top&quot;:&quot;&quot;,&quot;right&quot;:&quot;&quot;,&quot;bottom&quot;:&quot;&quot;,&quot;left&quot;:&quot;&quot;,&quot;isLinked&quot;:true},&quot;element_pack_global_tooltip_padding_tablet&quot;:{&quot;unit&quot;:&quot;px&quot;,&quot;top&quot;:&quot;&quot;,&quot;right&quot;:&quot;&quot;,&quot;bottom&quot;:&quot;&quot;,&quot;left&quot;:&quot;&quot;,&quot;isLinked&quot;:true},&quot;element_pack_global_tooltip_padding_mobile&quot;:{&quot;unit&quot;:&quot;px&quot;,&quot;top&quot;:&quot;&quot;,&quot;right&quot;:&quot;&quot;,&quot;bottom&quot;:&quot;&quot;,&quot;left&quot;:&quot;&quot;,&quot;isLinked&quot;:true},&quot;element_pack_global_tooltip_border_radius&quot;:{&quot;unit&quot;:&quot;px&quot;,&quot;top&quot;:&quot;&quot;,&quot;right&quot;:&quot;&quot;,&quot;bottom&quot;:&quot;&quot;,&quot;left&quot;:&quot;&quot;,&quot;isLinked&quot;:true},&quot;element_pack_global_tooltip_border_radius_tablet&quot;:{&quot;unit&quot;:&quot;px&quot;,&quot;top&quot;:&quot;&quot;,&quot;right&quot;:&quot;&quot;,&quot;bottom&quot;:&quot;&quot;,&quot;left&quot;:&quot;&quot;,&quot;isLinked&quot;:true},&quot;element_pack_global_tooltip_border_radius_mobile&quot;:{&quot;unit&quot;:&quot;px&quot;,&quot;top&quot;:&quot;&quot;,&quot;right&quot;:&quot;&quot;,&quot;bottom&quot;:&quot;&quot;,&quot;left&quot;:&quot;&quot;,&quot;isLinked&quot;:true}}\" data-elementor-post-type=\"page\">\n\t\t\t\t<div class=\"elementor-element elementor-element-9c22b73 e-flex e-con-boxed e-con e-parent\" data-id=\"9c22b73\" data-element_type=\"container\" data-e-type=\"container\">\n\t\t\t\t\t<div class=\"e-con-inner\">\n\t\t\t\t<div class=\"elementor-element elementor-element-319c276 elementor-widget elementor-widget-heading\" data-id=\"319c276\" data-element_type=\"widget\" data-e-type=\"widget\" data-widget_type=\"heading.default\">\n\t\t\t\t<div class=\"elementor-widget-container\">\n\t\t\t\t\t<h2 class=\"elementor-heading-title elementor-size-default\">Unsere Projekte<\/h2>\t\t\t\t<\/div>\n\t\t\t\t<\/div>\n\t\t\t\t\t<\/div>\n\t\t\t\t<\/div>\n\t\t<div class=\"elementor-element elementor-element-40e4c44 e-flex e-con-boxed e-con e-parent\" data-id=\"40e4c44\" data-element_type=\"container\" data-e-type=\"container\">\n\t\t\t\t\t<div class=\"e-con-inner\">\n\t\t\t\t<div class=\"elementor-element elementor-element-0e97dc1 elementor-widget-divider--view-line elementor-widget elementor-widget-divider\" data-id=\"0e97dc1\" data-element_type=\"widget\" data-e-type=\"widget\" data-widget_type=\"divider.default\">\n\t\t\t\t<div class=\"elementor-widget-container\">\n\t\t\t\t\t\t\t<div class=\"elementor-divider\">\n\t\t\t<span class=\"elementor-divider-separator\">\n\t\t\t\t\t\t<\/span>\n\t\t<\/div>\n\t\t\t\t\t\t<\/div>\n\t\t\t\t<\/div>\n\t\t\t\t\t<\/div>\n\t\t\t\t<\/div>\n\t\t<div class=\"elementor-element elementor-element-7b00109 e-flex e-con-boxed e-con e-parent\" data-id=\"7b00109\" data-element_type=\"container\" data-e-type=\"container\">\n\t\t\t\t\t<div class=\"e-con-inner\">\n\t\t\t\t<div class=\"elementor-element elementor-element-67997c2 elementor-widget elementor-widget-text-editor\" data-id=\"67997c2\" data-element_type=\"widget\" data-e-type=\"widget\" data-widget_type=\"text-editor.default\">\n\t\t\t\t<div class=\"elementor-widget-container\">\n\t\t\t\t\t\t\t\t\t<h5 data-start=\"132\" data-end=\"184\">Hilfe f\u00fcr Stra\u00dfentiere in Antalya<\/h5><p data-start=\"186\" data-end=\"506\">Die <strong data-start=\"190\" data-end=\"217\">Tier\u00adhil\u00adfe Antalya e.&nbsp;V.<\/strong> set\u00adzt sich mit Herz und Tatkraft f\u00fcr das Wohl der Stra\u00dfen\u00adtiere in den Rand\u00adbezirken von Antalya ein. Unser Ziel ist es, notlei\u00adden\u00adden Hun\u00adden und Katzen ein besseres Leben zu erm\u00f6glichen \u2013 mit regelm\u00e4\u00dfiger Ver\u00adsorgung, medi\u00adzinis\u00adch\u00ader Hil\u00adfe und langfristi\u00adgen Ma\u00df\u00adnah\u00admen zur Populationskontrolle.<\/p><p>Ein zen\u00adtrales Ele\u00adment unser\u00ader Arbeit ist die Ein\u00adrich\u00adtung und t\u00e4gliche Betreu\u00adung von Fut\u00adter\u00adstellen. Diese befind\u00aden sich an strate\u00adgisch wichti\u00adgen Punk\u00adten, wo viele Tiere leben und drin\u00adgend auf Unter\u00adst\u00fctzung angewiesen sind. T\u00e4glich fahren unsere Helfer diese Sta\u00adtio\u00adnen an und ver\u00adsor\u00adgen die Tiere mit frischem Wass\u00ader und Futter.<\/p><p>Wir arbeit\u00aden eng mit der \u00f6rtlichen <strong data-start=\"870\" data-end=\"889\">Verkehrspolizei<\/strong> und <strong data-start=\"894\" data-end=\"907\">Feuer\u00adwehr<\/strong> zusam\u00admen. Diese verteilen eben\u00adfalls Fut\u00adter und Wass\u00ader, das wir bere\u00adit\u00adstellen, und helfen ins\u00adbeson\u00addere in schw\u00ader zug\u00e4nglichen oder abgele\u00adge\u00adnen Gebi\u00adeten. Auch <strong>Unternehmer<\/strong> in Indus\u00adtriege\u00adbi\u00adeten zeigen Herz: Sie vertreiben die Tiere nicht, son\u00addern bieten ihnen Unter\u00adschlupf und \u00fcbernehmen die Ver\u00adsorgung \u2013 eben\u00adfalls mit unser\u00ader Unterst\u00fctzung.<\/p><p>In medi\u00adzinis\u00adchen Not\u00adf\u00e4llen wer\u00adden wir sofort alarmiert. Ver\u00adlet\u00adzte, kranke oder schwache Tiere erhal\u00adten schnell\u00adst\u00adm\u00f6glich tier\u00e4rztliche Hil\u00adfe. Ein weit\u00aderes zen\u00adtrales Anliegen unser\u00ader Arbeit sind <strong data-start=\"1440\" data-end=\"1463\">Kas\u00adtra\u00adtionspro\u00adjek\u00adte<\/strong>, mit denen wir nach\u00adhaltig zur Eind\u00e4m\u00admung der unkon\u00adtrol\u00adlierten Ver\u00admehrung beitragen.<\/p><p>Mit Engage\u00adment, Koop\u00ader\u00ada\u00adtion und Mit\u00adge\u00adf\u00fchl set\u00adzen wir uns jeden Tag f\u00fcr die Stra\u00dfen\u00adtiere in Antalya ein \u2013 denn jedes Leben&nbsp;z\u00e4hlt.<\/p>\t\t\t\t\t\t\t\t<\/div>\n\t\t\t\t<\/div>\n\t\t\t\t\t<\/div>\n\t\t\t\t<\/div>\n\t\t<div class=\"elementor-element elementor-element-3af4bd2 e-flex e-con-boxed e-con e-parent\" data-id=\"3af4bd2\" data-element_type=\"container\" data-e-type=\"container\">\n\t\t\t\t\t<div class=\"e-con-inner\">\n\t\t\t\t<div class=\"elementor-element elementor-element-1be1a0a elementor-widget-divider--view-line elementor-widget elementor-widget-divider\" data-id=\"1be1a0a\" data-element_type=\"widget\" data-e-type=\"widget\" data-widget_type=\"divider.default\">\n\t\t\t\t<div class=\"elementor-widget-container\">\n\t\t\t\t\t\t\t<div class=\"elementor-divider\">\n\t\t\t<span class=\"elementor-divider-separator\">\n\t\t\t\t\t\t<\/span>\n\t\t<\/div>\n\t\t\t\t\t\t<\/div>\n\t\t\t\t<\/div>\n\t\t\t\t\t<\/div>\n\t\t\t\t<\/div>\n\t\t<div class=\"elementor-element elementor-element-9c53494 e-grid e-con-boxed e-con e-parent\" data-id=\"9c53494\" data-element_type=\"container\" data-e-type=\"container\">\n\t\t\t\t\t<div class=\"e-con-inner\">\n\t\t\t\t<div class=\"elementor-element elementor-element-d820f1e elementor-widget elementor-widget-text-editor\" data-id=\"d820f1e\" data-element_type=\"widget\" data-e-type=\"widget\" data-widget_type=\"text-editor.default\">\n\t\t\t\t<div class=\"elementor-widget-container\">\n\t\t\t\t\t\t\t\t\t<p style=\"text-align: center;\"><iframe style=\"border: 0; padding: 0; margin: 0;\" src=\"https:\/\/www.betterplace-widget.org\/projects\/134447?l=de\" width=\"100%\" height=\"320\" frameborder=\"0\" marginwidth=\"0\" marginheight=\"0\">Informieren und spenden: &lt;a href='https:\/\/www.betterplace.org\/de\/projects\/134447-grosse-futterstelle-fuer-strassentiere-in-einem-industriegebiet-in-antalya' target='_blank'&gt;\u201eGro\u00dfe Futterstelle f\u00fcr Stra\u00dfentiere in einem Industriegebiet in Antalya\u201c&lt;\/a&gt; auf betterplace.org \u00f6ffnen.<\/iframe><\/p>\t\t\t\t\t\t\t\t<\/div>\n\t\t\t\t<\/div>\n\t\t\t\t<div class=\"elementor-element elementor-element-f0783fe elementor-widget elementor-widget-text-editor\" data-id=\"f0783fe\" data-element_type=\"widget\" data-e-type=\"widget\" data-widget_type=\"text-editor.default\">\n\t\t\t\t<div class=\"elementor-widget-container\">\n\t\t\t\t\t\t\t\t\t<h5 data-start=\"932\" data-end=\"994\"><strong data-start=\"937\" data-end=\"994\">Stra\u00dfentiere in Antalya brauchen unsere Unterst\u00fctzung<\/strong><\/h5><p>Die Tier\u00adhil\u00adfe Antalya e.V. engagiert sich seit Jahren f\u00fcr notlei\u00addende Stra\u00dfen\u00adtiere in Antalya. In einem abgele\u00adge\u00adnen Gewer\u00adbege\u00adbi\u00adet leben mit\u00adtler\u00adweile \u00fcber 60 aus\u00adge\u00adset\u00adzte Hunde und Katzen \u2013 von der Stadt und Pri\u00advat\u00adper\u00adso\u00adn\u00aden dort zur\u00fcck\u00adge\u00adlassen. Die Tiere wer\u00adden von den ans\u00e4s\u00adsi\u00adgen Betrieben geduldet, doch sie sind auf unsere Hil\u00adfe angewiesen.<br>Gemein\u00adsam mit tier\u00adlieben Anwohner:innen und den Gen\u00addar\u00admen ein\u00ader nahegele\u00adge\u00adnen Polizeis\u00adta\u00adtion ver\u00adsor\u00adgen wir die Tiere jeden Monat mit Fut\u00adter:<br><strong data-start=\"1484\" data-end=\"1508\">\u2666 13 S\u00e4cke Hun\u00adde\u00adfut\u00adter<br><\/strong><strong data-start=\"1513\" data-end=\"1537\">\u2666 3&nbsp;S\u00e4cke Katzen\u00adfut\u00adter<br><\/strong>Die Verteilung \u00fcbern\u00adimmt unsere engagierte Helferin <strong data-start=\"1591\" data-end=\"1601\">Hari\u00adka<\/strong>.<br data-start=\"1602\" data-end=\"1605\">Doch die anhal\u00adtende Infla\u00adtion in der T\u00fcrkei treibt die Preise weit\u00ader in die H\u00f6he. Aktuell zahlen wir:<br><strong data-start=\"1710\" data-end=\"1739\">\u2666 20&nbsp;\u20ac pro Sack Hun\u00adde\u00adfut\u00adter<br>\u2666 25&nbsp;\u20ac pro Sack Katzen\u00adfut\u00adter<\/strong><br data-start=\"1774\" data-end=\"1777\">= <strong data-start=\"1779\" data-end=\"1798\">335\u202f\u20ac monatlich<\/strong> bzw. <strong data-start=\"1804\" data-end=\"1826\">1005&nbsp;\u20ac pro Quar\u00adtal<br><\/strong><strong data-start=\"1831\" data-end=\"1850\">Bitte hilf mit!<\/strong><br data-start=\"1850\" data-end=\"1853\">Jede Spende hil\u00adft, damit keines der Tiere ver\u00adhungern muss.<br>Danke, dass du den Tieren eine Stimme gibst.<\/p>\t\t\t\t\t\t\t\t<\/div>\n\t\t\t\t<\/div>\n\t\t\t\t\t<\/div>\n\t\t\t\t<\/div>\n\t\t<div class=\"elementor-element elementor-element-08e7dca e-flex e-con-boxed e-con e-parent\" data-id=\"08e7dca\" data-element_type=\"container\" data-e-type=\"container\">\n\t\t\t\t\t<div class=\"e-con-inner\">\n\t\t\t\t<div class=\"elementor-element elementor-element-23557ae elementor-widget-divider--view-line elementor-widget elementor-widget-divider\" data-id=\"23557ae\" data-element_type=\"widget\" data-e-type=\"widget\" data-widget_type=\"divider.default\">\n\t\t\t\t<div class=\"elementor-widget-container\">\n\t\t\t\t\t\t\t<div class=\"elementor-divider\">\n\t\t\t<span class=\"elementor-divider-separator\">\n\t\t\t\t\t\t<\/span>\n\t\t<\/div>\n\t\t\t\t\t\t<\/div>\n\t\t\t\t<\/div>\n\t\t\t\t\t<\/div>\n\t\t\t\t<\/div>\n\t\t<div class=\"elementor-element elementor-element-f69e0de e-grid e-con-boxed e-con e-parent\" data-id=\"f69e0de\" data-element_type=\"container\" data-e-type=\"container\">\n\t\t\t\t\t<div class=\"e-con-inner\">\n\t\t\t\t<div class=\"elementor-element elementor-element-cd7f1b4 elementor-widget elementor-widget-text-editor\" data-id=\"cd7f1b4\" data-element_type=\"widget\" data-e-type=\"widget\" data-widget_type=\"text-editor.default\">\n\t\t\t\t<div class=\"elementor-widget-container\">\n\t\t\t\t\t\t\t\t\t<p><iframe style=\"border: 0; padding: 0; margin: 0;\" src=\"https:\/\/project-widget.betterplace.org\/projects\/124554?l=de\" width=\"100%\" height=\"320\" frameborder=\"0\" marginwidth=\"0\" marginheight=\"0\">Informieren und spenden: &lt;a href='https:\/\/www.betterplace.org\/de\/projects\/124554-tierarztkosten-fuer-strassentiere-in-antalya' target='_blank'&gt;\u201eTierarztkosten f\u00fcr Stra\u00dfentiere in Antalya\u201c&lt;\/a&gt; auf betterplace.org \u00f6ffnen.<\/iframe><\/p>\t\t\t\t\t\t\t\t<\/div>\n\t\t\t\t<\/div>\n\t\t\t\t<div class=\"elementor-element elementor-element-1a07365 elementor-widget elementor-widget-text-editor\" data-id=\"1a07365\" data-element_type=\"widget\" data-e-type=\"widget\" data-widget_type=\"text-editor.default\">\n\t\t\t\t<div class=\"elementor-widget-container\">\n\t\t\t\t\t\t\t\t\t<div class=\"elementor-element elementor-element-cd7f1b4 elementor-widget elementor-widget-text-editor\" data-id=\"cd7f1b4\" data-element_type=\"widget\" data-widget_type=\"text-editor.default\"><div class=\"elementor-widget-container\"><h5 class=\"western\"><strong>Dringender Spendenaufruf: Medizinische Hilfe f\u00fcr Tiere in&nbsp;Not<\/strong><\/h5><p>Die Tier\u00adhil\u00adfe Antalya e.&nbsp;V. ste\u00adht vor ein\u00ader gro\u00dfen Her\u00adaus\u00adforderung:<br><strong>Offene Tier\u00adarztrech\u00adnun\u00adgen bedro\u00adhen unsere Arbeit \u2013 und das Leben zahlre\u00adich\u00ader Tiere.<br><\/strong>In den let\u00adzten Monat\u00aden haben sich Au\u00dfen\u00adst\u00e4nde bei unseren Tier\u00e4rzten ange\u00adsam\u00admelt. Ohne Begle\u00adichung dieser Rech\u00adnun\u00adgen k\u00f6n\u00adnen wir keine weit\u00aderen Behand\u00adlun\u00adgen ver\u00adan\u00adlassen \u2013 das w\u00fcrde bedeuten: <strong>keine Hil\u00adfe mehr f\u00fcr ver\u00adlet\u00adzte, kranke oder in Not ger\u00adatene&nbsp;Tiere.<\/strong><\/p><p>Unser Vere\u00adin engagiert sich t\u00e4glich f\u00fcr:<br>\u2013 her\u00adren\u00adlose Hunde und Katzen<br>\u2013 ver\u00adlet\u00adzte und aus\u00adge\u00adset\u00adzte Tiere<br>\u2013 medi\u00adzinis\u00adche Not\u00adf\u00e4lle <br>\u2013 Kas\u00adtra\u00adtio\u00adnen und Imp\u00adfun\u00adgen<br>\u2013 Unter\u00adbringung und Versorgung<\/p><p>Die medi\u00adzinis\u00adchen Kosten sind oft hoch: Oper\u00ada\u00adtio\u00adnen, leben\u00adsret\u00adtende Ma\u00df\u00adnah\u00admen und Behand\u00adlun\u00adgen \u00fcber\u00adsteigen regelm\u00e4\u00dfig unsere finanziellen M\u00f6glichkeit\u00aden.<br><strong>Doch die Entschei\u00addung \u00fcber Leben oder Tod darf niemals vom Geld abh\u00e4ngen.<br><\/strong><\/p><p><strong><span style=\"font-size: 12pt;\">Bitte hilf uns, den Tieren die Ver\u00adsorgung zu geben, die sie brauchen!<\/span><\/strong><\/p><p>Schon eine kleine Spende kann Gro\u00dfes bewirken.<br>Jede Unter\u00adst\u00fctzung z\u00e4hlt \u2013 im Namen der Tiere: <strong>Danke!<\/strong><\/p><\/div><\/div>\t\t\t\t\t\t\t\t<\/div>\n\t\t\t\t<\/div>\n\t\t\t\t\t<\/div>\n\t\t\t\t<\/div>\n\t\t<div class=\"elementor-element elementor-element-7e1b962 e-flex e-con-boxed e-con e-parent\" data-id=\"7e1b962\" data-element_type=\"container\" data-e-type=\"container\">\n\t\t\t\t\t<div class=\"e-con-inner\">\n\t\t\t\t<div class=\"elementor-element elementor-element-7f3bfd1 elementor-widget-divider--view-line elementor-widget elementor-widget-divider\" data-id=\"7f3bfd1\" data-element_type=\"widget\" data-e-type=\"widget\" data-widget_type=\"divider.default\">\n\t\t\t\t<div class=\"elementor-widget-container\">\n\t\t\t\t\t\t\t<div class=\"elementor-divider\">\n\t\t\t<span class=\"elementor-divider-separator\">\n\t\t\t\t\t\t<\/span>\n\t\t<\/div>\n\t\t\t\t\t\t<\/div>\n\t\t\t\t<\/div>\n\t\t\t\t\t<\/div>\n\t\t\t\t<\/div>\n\t\t<div class=\"elementor-element elementor-element-2977e85 e-flex e-con-boxed e-con e-parent\" data-id=\"2977e85\" data-element_type=\"container\" data-e-type=\"container\">\n\t\t\t\t\t<div class=\"e-con-inner\">\n\t\t<div class=\"elementor-element elementor-element-03b11ea e-con-full e-flex e-con e-child\" data-id=\"03b11ea\" data-element_type=\"container\" data-e-type=\"container\">\n\t\t\t\t<div class=\"elementor-element elementor-element-849ae92 elementor-widget elementor-widget-text-editor\" data-id=\"849ae92\" data-element_type=\"widget\" data-e-type=\"widget\" data-widget_type=\"text-editor.default\">\n\t\t\t\t<div class=\"elementor-widget-container\">\n\t\t\t\t\t\t\t\t\t<p><iframe style=\"border: 0; padding: 0; margin: 0;\" src=\"https:\/\/project-widget.betterplace.org\/projects\/162051?l=de\" width=\"100%\" height=\"320\" frameborder=\"0\" marginwidth=\"0\" marginheight=\"0\">Informieren und spenden: &lt;a href='https:\/\/www.betterplace.org\/de\/projects\/162051-unvermittelbarer-hutch-wuenscht-sich-ein-schmerzfreies-leben' target='_blank'&gt;\u201eUnvermittelbarer Hutch w\u00fcnscht sich ein schmerzfreies Leben\u201c&lt;\/a&gt; auf betterplace.org \u00f6ffnen.<\/iframe><\/p>\t\t\t\t\t\t\t\t<\/div>\n\t\t\t\t<\/div>\n\t\t\t\t<\/div>\n\t\t<div class=\"elementor-element elementor-element-c6bbf88 e-con-full e-flex e-con e-child\" data-id=\"c6bbf88\" data-element_type=\"container\" data-e-type=\"container\">\n\t\t\t\t<div class=\"elementor-element elementor-element-0876016 elementor-widget elementor-widget-text-editor\" data-id=\"0876016\" data-element_type=\"widget\" data-e-type=\"widget\" data-widget_type=\"text-editor.default\">\n\t\t\t\t<div class=\"elementor-widget-container\">\n\t\t\t\t\t\t\t\t\t<h5>Verhelft Hutch zu einem schmerzfreien Leben<\/h5><p>Hutch braucht drin\u00adgend Eure Unter\u00adst\u00fctzung, damit er weit\u00ader\u00adhin ein gl\u00fcck\u00adlich\u00ades und schmerzfreies Leben f\u00fchren kann.<\/p><p>Der achtj\u00e4hrige Kan\u00adgal\u00adr\u00fcde hat schon eine lange Krankengeschichte hin\u00adter&nbsp;sich:<\/p><ul><li><p>Bere\u00adits 2018 erlitt er als junger Hund einen <strong>bei\u00add\u00adseit\u00adi\u00adgen Kreuzban\u00addriss<\/strong>.<\/p><\/li><li><p>Es fol\u00adgten mehrere Oper\u00ada\u00adtio\u00adnen (TPLO, Kniespiegelung, Phys\u00adio\u00adther\u00ada\u00adpie, sp\u00e4ter eine Femurkopfresektion).<\/p><\/li><li><p>Dank inten\u00adsiv\u00ader Phys\u00adio\u00adther\u00ada\u00adpie, liebevoll begleit\u00adet von sein\u00ader Pflegestelle Clau\u00addia, kon\u00adnte er viele Jahre schmerzfrei leben und sein Leben genie\u00dfen.<\/p><\/li><\/ul><p>Ver\u00admit\u00adtelt wer\u00adden kon\u00adnte Hutch auf\u00adgrund sein\u00ader Vorgeschichte nicht \u2013 doch f\u00fcr ihn kein Prob\u00adlem: <strong>Sein Pflege\u00adfrauchen liebt ihn wie ihre eige\u00adnen Hunde<\/strong>.<\/p><h5>Aktuelle Situation<\/h5><p>Vor Kurzem kon\u00adnte Hutch pl\u00f6t\u00adzlich nicht mehr auf\u00adste\u00adhen und musste in die Klinik. Dort wurde ein <strong>akuter Schmerz\u00adschub<\/strong> diag\u00adnos\u00adtiziert und behan\u00addelt. Seit\u00addem war er mehrfach beim Tier\u00adarzt.<br>Die Diag\u00adnose: Hutch muss <strong>dauer\u00adhaft Schmerzmit\u00adtel<\/strong> einnehmen.<\/p><p>Da er Meta\u00adcam nicht vertr\u00e4gt, bekommt er nun <strong>Cox\u00adatab<\/strong> \u2013 Kosten: <strong>ca. 96&nbsp;\u20ac pro Monat<\/strong>. Zus\u00e4t\u00adzlich fall\u00aden regelm\u00e4\u00dfige Tier\u00adarztbe\u00adsuche&nbsp;an.<\/p><h5>Warum Hutch Eure Hilfe braucht<\/h5><p>Es geht nicht darum, einen schw\u00aderkranken Hund k\u00fcn\u00adstlich am Leben zu erhal\u00adten. Hutch ist voller Lebens\u00adfreude, ein gro\u00dfer, liebevoller Kerl, der sein\u00ader Pflege\u00adma\u00adma nicht von der Seite weicht. <strong>Mit den Medika\u00admenten kann er noch viele sch\u00f6ne Jahre haben \u2013 gl\u00fcck\u00adlich und schmerzfrei.<\/strong><\/p><p><strong>Bitte helft Hutch, seinen Lebens\u00adabend lebenswert zu gestal\u00adten. Jed\u00ader Beitrag macht einen Unterschied<\/strong><\/p>\t\t\t\t\t\t\t\t<\/div>\n\t\t\t\t<\/div>\n\t\t\t\t<\/div>\n\t\t\t\t\t<\/div>\n\t\t\t\t<\/div>\n\t\t\t\t<\/div>\n\t\t","protected":false},"excerpt":{"rendered":"<p>Unsere Pro\u00adjek\u00adte Hil\u00adfe f\u00fcr Stra\u00dfen\u00adtiere in Antalya Die Tier\u00adhil\u00adfe Antalya e.&nbsp;V. set\u00adzt sich mit Herz und Tatkraft f\u00fcr das&nbsp;Wohl&nbsp;[\u2026]<\/p>\n","protected":false},"author":1,"featured_media":0,"parent":0,"menu_order":0,"comment_status":"closed","ping_status":"closed","template":"","meta":{"wp_typography_post_enhancements_disabled":false,"site-sidebar-layout":"no-sidebar","site-content-layout":"","ast-site-content-layout":"full-width-container","site-content-style":"default","site-sidebar-style":"default","ast-global-header-display":"","ast-banner-title-visibility":"","ast-main-header-display":"","ast-hfb-above-header-display":"","ast-hfb-below-header-display":"","ast-hfb-mobile-header-display":"","site-post-title":"disabled","ast-breadcrumbs-content":"","ast-featured-img":"disabled","footer-sml-layout":"","ast-disable-related-posts":"","theme-transparent-header-meta":"","adv-header-id-meta":"","stick-header-meta":"","header-above-stick-meta":"","header-main-stick-meta":"","header-below-stick-meta":"","astra-migrate-meta-layouts":"default","ast-page-background-enabled":"default","ast-page-background-meta":{"desktop":{"background-color":"var(--ast-global-color-5)","background-image":"","background-repeat":"repeat","background-position":"center center","background-size":"auto","background-attachment":"scroll","background-type":"","background-media":"","overlay-type":"","overlay-color":"","overlay-opacity":"","overlay-gradient":""},"tablet":{"background-color":"","background-image":"","background-repeat":"repeat","background-position":"center center","background-size":"auto","background-attachment":"scroll","background-type":"","background-media":"","overlay-type":"","overlay-color":"","overlay-opacity":"","overlay-gradient":""},"mobile":{"background-color":"","background-image":"","background-repeat":"repeat","background-position":"center center","background-size":"auto","background-attachment":"scroll","background-type":"","background-media":"","overlay-type":"","overlay-color":"","overlay-opacity":"","overlay-gradient":""}},"ast-content-background-meta":{"desktop":{"background-color":"var(--ast-global-color-4)","background-image":"","background-repeat":"repeat","background-position":"center center","background-size":"auto","background-attachment":"scroll","background-type":"","background-media":"","overlay-type":"","overlay-color":"","overlay-opacity":"","overlay-gradient":""},"tablet":{"background-color":"var(--ast-global-color-4)","background-image":"","background-repeat":"repeat","background-position":"center center","background-size":"auto","background-attachment":"scroll","background-type":"","background-media":"","overlay-type":"","overlay-color":"","overlay-opacity":"","overlay-gradient":""},"mobile":{"background-color":"var(--ast-global-color-4)","background-image":"","background-repeat":"repeat","background-position":"center center","background-size":"auto","background-attachment":"scroll","background-type":"","background-media":"","overlay-type":"","overlay-color":"","overlay-opacity":"","overlay-gradient":""}},"footnotes":""},"class_list":["post-335","page","type-page","status-publish","hentry"],"_links":{"self":[{"href":"https:\/\/tierhilfe-antalya.de\/index.php?rest_route=\/wp\/v2\/pages\/335","targetHints":{"allow":["GET"]}}],"collection":[{"href":"https:\/\/tierhilfe-antalya.de\/index.php?rest_route=\/wp\/v2\/pages"}],"about":[{"href":"https:\/\/tierhilfe-antalya.de\/index.php?rest_route=\/wp\/v2\/types\/page"}],"author":[{"embeddable":true,"href":"https:\/\/tierhilfe-antalya.de\/index.php?rest_route=\/wp\/v2\/users\/1"}],"replies":[{"embeddable":true,"href":"https:\/\/tierhilfe-antalya.de\/index.php?rest_route=%2Fwp%2Fv2%2Fcomments&post=335"}],"version-history":[{"count":58,"href":"https:\/\/tierhilfe-antalya.de\/index.php?rest_route=\/wp\/v2\/pages\/335\/revisions"}],"predecessor-version":[{"id":1545,"href":"https:\/\/tierhilfe-antalya.de\/index.php?rest_route=\/wp\/v2\/pages\/335\/revisions\/1545"}],"wp:attachment":[{"href":"https:\/\/tierhilfe-antalya.de\/index.php?rest_route=%2Fwp%2Fv2%2Fmedia&parent=335"}],"curies":[{"name":"wp","href":"https:\/\/api.w.org\/{rel}","templated":true}]}}